{"id":3283,"date":"2015-03-16T17:18:26","date_gmt":"2015-03-16T17:18:26","guid":{"rendered":"http:\/\/demo-content.kaliumtheme.com\/photography\/?page_id=3283"},"modified":"2019-03-01T11:56:27","modified_gmt":"2019-03-01T11:56:27","slug":"arbeiten","status":"publish","type":"page","link":"https:\/\/mediadot.at\/photography\/arbeiten\/","title":{"rendered":"Arbeiten"},"content":{"rendered":"<p>[vc_row no_bottom_margin=&#8220;yes&#8220; css=&#8220;.vc_custom_1449151666032{margin-bottom: 0px !important;padding-bottom: 0px !important;}&#8220;][vc_column][lab_text_autotype typed_text=&#8220;Auf der Suche nach einem professionellen Team f\u00fcr Ihre Fotoproduktion?<br \/>\nMit <b>*10 Jahren Erfahrung;innovativen Konzepten;\u00fcber 300m\u00b2 Studiofl\u00e4che;kompetentem Netzwerk;eigener Kreativagentur;\u00fcber 4000Ws Blitzleistung;einem kreativen, agilen Team*<\/b> sind wir vielleicht genau die Richtigen f\u00fcr Ihr Projekt.<br \/>\nInteresse? Dann senden Sie uns Ihre unverbindliche Anfrage!&#8220; typed_show_options=&#8220;yes&#8220; typed_options_loopcount=&#8220;-1&#8243; typed_options_typespeed=&#8220;50&#8243; typed_options_backspeed=&#8220;30&#8243; typed_options_startdelay=&#8220;120&#8243; typed_options_backdelay=&#8220;800&#8243; css=&#8220;.vc_custom_1551440804808{margin-bottom: 0px !important;padding-bottom: 0px !important;}&#8220;][\/vc_column][\/vc_row]<\/p>\n","protected":false},"excerpt":{"rendered":"<p>[vc_row no_bottom_margin=&#8220;yes&#8220; css=&#8220;.vc_custom_1449151666032{margin-bottom: 0px !important;padding-bottom: 0px !important;}&#8220;][vc_column][lab_text_autotype typed_text=&#8220;Auf der Suche nach einem professionellen Team f\u00fcr Ihre Fotoproduktion? Mit *10 Jahren Erfahrung;innovativen Konzepten;\u00fcber 300m\u00b2 Studiofl\u00e4che;kompetentem Netzwerk;eigener Kreativagentur;\u00fcber 4000Ws Blitzleistung;einem kreativen, agilen Team* sind wir vielleicht genau die Richtigen f\u00fcr Ihr Projekt. Interesse? Dann senden Sie uns Ihre unverbindliche Anfrage!&#8220; typed_show_options=&#8220;yes&#8220; typed_options_loopcount=&#8220;-1&#8243; typed_options_typespeed=&#8220;50&#8243; typed_options_backspeed=&#8220;30&#8243; typed_options_startdelay=&#8220;120&#8243; typed_options_backdelay=&#8220;800&#8243; css=&#8220;.vc_custom_1551440804808{margin-bottom:&hellip;<\/p>\n","protected":false},"author":1,"featured_media":0,"parent":0,"menu_order":0,"comment_status":"open","ping_status":"closed","template":"portfolio.php","meta":{"footnotes":""},"class_list":["post-3283","page","type-page","status-publish","hentry"],"acf":[],"_links":{"self":[{"href":"https:\/\/mediadot.at\/photography\/wp-json\/wp\/v2\/pages\/3283","targetHints":{"allow":["GET"]}}],"collection":[{"href":"https:\/\/mediadot.at\/photography\/wp-json\/wp\/v2\/pages"}],"about":[{"href":"https:\/\/mediadot.at\/photography\/wp-json\/wp\/v2\/types\/page"}],"author":[{"embeddable":true,"href":"https:\/\/mediadot.at\/photography\/wp-json\/wp\/v2\/users\/1"}],"replies":[{"embeddable":true,"href":"https:\/\/mediadot.at\/photography\/wp-json\/wp\/v2\/comments?post=3283"}],"version-history":[{"count":18,"href":"https:\/\/mediadot.at\/photography\/wp-json\/wp\/v2\/pages\/3283\/revisions"}],"predecessor-version":[{"id":4359,"href":"https:\/\/mediadot.at\/photography\/wp-json\/wp\/v2\/pages\/3283\/revisions\/4359"}],"wp:attachment":[{"href":"https:\/\/mediadot.at\/photography\/wp-json\/wp\/v2\/media?parent=3283"}],"curies":[{"name":"wp","href":"https:\/\/api.w.org\/{rel}","templated":true}]}}