{"id":1404,"date":"2018-01-30T03:53:30","date_gmt":"2018-01-30T02:53:30","guid":{"rendered":"http:\/\/mdot.at\/studio\/?page_id=1404"},"modified":"2018-09-28T14:08:02","modified_gmt":"2018-09-28T13:08:02","slug":"kurse","status":"publish","type":"page","link":"https:\/\/mediadot.at\/studio\/kurse\/","title":{"rendered":"Kurse"},"content":{"rendered":"<p>[vc_row][vc_column]\r\n\t\t<div class=\"portfolio-block portfolio-block-69d38956abc81 popup-gallery\" data-popup-settings=\"{&quot;popupTitle&quot;:false,&quot;popupDesc&quot;:false}\">\r\n\t\t\t\t\t\t\t<div class=\"portfolio-items portfolio-type-horizontal load-wrap portfolio_hover_type_1\">\r\n\t\t\t\t\t\t\t<article class=\"portfolio-item item portfolio-horizontal-item category-42 popup-item\">\r\n\t\t\t<div class=\"wrap\">\r\n\t\t\t\t\t\t\t\t\t<div class=\"a-img\" data-original=\"https:\/\/mediadot.at\/studio\/wp-content\/uploads\/2018\/02\/21414853_1428923813823057_6783391955590921090_o.jpg\">\r\n\t\t\t\t\t\t<img fetchpriority=\"high\" decoding=\"async\" width=\"1024\" height=\"684\" src=\"https:\/\/mediadot.at\/studio\/wp-content\/uploads\/2018\/02\/21414853_1428923813823057_6783391955590921090_o-1024x684.jpg\" alt=\"\">\r\n          <\/div>\r\n\t\t\t\t\r\n\t\t\t\t<div class=\"content\">\r\n\t\t\t\t\t\t\t\t\t\t\t\t\t\t<\/div>\r\n\t\t\t\t<a class=\"link\" href=\"#\" data-popup-json=\"{&quot;title&quot;:&quot;&quot;,&quot;desc&quot;:false,&quot;image&quot;:{&quot;url&quot;:&quot;https:\\\/\\\/mediadot.at\\\/studio\\\/wp-content\\\/uploads\\\/2018\\\/02\\\/21414853_1428923813823057_6783391955590921090_o.jpg&quot;,&quot;w&quot;:2048,&quot;h&quot;:1367},&quot;post_id&quot;:2095,&quot;likes&quot;:0,&quot;projectLink&quot;:&quot;https:\\\/\\\/mediadot.at\\\/studio\\\/project\\\/2095\\\/&quot;,&quot;projectLinkTarget&quot;:&quot;_self&quot;}\" data-id=\"0\" ><\/a>\t\t\t<\/div>\r\n\t\t<\/article>\r\n\t\t\t\t<article class=\"portfolio-item item portfolio-horizontal-item category-42 popup-item\">\r\n\t\t\t<div class=\"wrap\">\r\n\t\t\t\t\t\t\t\t\t<div class=\"a-img\" data-original=\"https:\/\/mediadot.at\/studio\/wp-content\/uploads\/2018\/02\/16796932_1233515110030596_4207426996767101889_o.jpg\">\r\n\t\t\t\t\t\t<img decoding=\"async\" width=\"1024\" height=\"768\" src=\"https:\/\/mediadot.at\/studio\/wp-content\/uploads\/2018\/02\/16796932_1233515110030596_4207426996767101889_o-1024x768.jpg\" alt=\"\">\r\n          <\/div>\r\n\t\t\t\t\r\n\t\t\t\t<div class=\"content\">\r\n\t\t\t\t\t\t\t\t\t\t\t\t\t\t<\/div>\r\n\t\t\t\t<a class=\"link\" href=\"#\" data-popup-json=\"{&quot;title&quot;:&quot;&quot;,&quot;desc&quot;:false,&quot;image&quot;:{&quot;url&quot;:&quot;https:\\\/\\\/mediadot.at\\\/studio\\\/wp-content\\\/uploads\\\/2018\\\/02\\\/16796932_1233515110030596_4207426996767101889_o.jpg&quot;,&quot;w&quot;:2000,&quot;h&quot;:1500},&quot;post_id&quot;:2096,&quot;likes&quot;:0,&quot;projectLink&quot;:&quot;https:\\\/\\\/mediadot.at\\\/studio\\\/project\\\/2096\\\/&quot;,&quot;projectLinkTarget&quot;:&quot;_self&quot;}\" data-id=\"1\" ><\/a>\t\t\t<\/div>\r\n\t\t<\/article>\r\n\t\t\t\t<article class=\"portfolio-item item portfolio-horizontal-item category-42 popup-item\">\r\n\t\t\t<div class=\"wrap\">\r\n\t\t\t\t\t\t\t\t\t<div class=\"a-img\" data-original=\"https:\/\/mediadot.at\/studio\/wp-content\/uploads\/2018\/02\/11174976_836704849711626_8540342987847097904_n.jpg\">\r\n\t\t\t\t\t\t<img decoding=\"async\" width=\"640\" height=\"960\" src=\"https:\/\/mediadot.at\/studio\/wp-content\/uploads\/2018\/02\/11174976_836704849711626_8540342987847097904_n.jpg\" alt=\"\">\r\n          <\/div>\r\n\t\t\t\t\r\n\t\t\t\t<div class=\"content\">\r\n\t\t\t\t\t\t\t\t\t\t\t\t\t\t<\/div>\r\n\t\t\t\t<a class=\"link\" href=\"#\" data-popup-json=\"{&quot;title&quot;:&quot;&quot;,&quot;desc&quot;:false,&quot;image&quot;:{&quot;url&quot;:&quot;https:\\\/\\\/mediadot.at\\\/studio\\\/wp-content\\\/uploads\\\/2018\\\/02\\\/11174976_836704849711626_8540342987847097904_n.jpg&quot;,&quot;w&quot;:640,&quot;h&quot;:960},&quot;post_id&quot;:2097,&quot;likes&quot;:0,&quot;projectLink&quot;:&quot;https:\\\/\\\/mediadot.at\\\/studio\\\/project\\\/2097\\\/&quot;,&quot;projectLinkTarget&quot;:&quot;_self&quot;}\" data-id=\"2\" ><\/a>\t\t\t<\/div>\r\n\t\t<\/article>\r\n\t\t\t\t<article class=\"portfolio-item item portfolio-horizontal-item category-42 popup-item\">\r\n\t\t\t<div class=\"wrap\">\r\n\t\t\t\t\t\t\t\t\t<div class=\"a-img\" data-original=\"https:\/\/mediadot.at\/studio\/wp-content\/uploads\/2018\/02\/16819275_1233515136697260_5350004871705163339_o.jpg\">\r\n\t\t\t\t\t\t<img loading=\"lazy\" decoding=\"async\" width=\"1024\" height=\"768\" src=\"https:\/\/mediadot.at\/studio\/wp-content\/uploads\/2018\/02\/16819275_1233515136697260_5350004871705163339_o-1024x768.jpg\" alt=\"\">\r\n          <\/div>\r\n\t\t\t\t\r\n\t\t\t\t<div class=\"content\">\r\n\t\t\t\t\t\t\t\t\t\t\t\t\t\t<\/div>\r\n\t\t\t\t<a class=\"link\" href=\"#\" data-popup-json=\"{&quot;title&quot;:&quot;&quot;,&quot;desc&quot;:false,&quot;image&quot;:{&quot;url&quot;:&quot;https:\\\/\\\/mediadot.at\\\/studio\\\/wp-content\\\/uploads\\\/2018\\\/02\\\/16819275_1233515136697260_5350004871705163339_o.jpg&quot;,&quot;w&quot;:2000,&quot;h&quot;:1500},&quot;post_id&quot;:2098,&quot;likes&quot;:0,&quot;projectLink&quot;:&quot;https:\\\/\\\/mediadot.at\\\/studio\\\/project\\\/2098\\\/&quot;,&quot;projectLinkTarget&quot;:&quot;_self&quot;}\" data-id=\"3\" ><\/a>\t\t\t<\/div>\r\n\t\t<\/article>\r\n\t\t\t\t<article class=\"portfolio-item item portfolio-horizontal-item category-42 popup-item\">\r\n\t\t\t<div class=\"wrap\">\r\n\t\t\t\t\t\t\t\t\t<div class=\"a-img\" data-original=\"https:\/\/mediadot.at\/studio\/wp-content\/uploads\/2018\/02\/21368984_1428923747156397_83560764407693281_o.jpg\">\r\n\t\t\t\t\t\t<img loading=\"lazy\" decoding=\"async\" width=\"1024\" height=\"684\" src=\"https:\/\/mediadot.at\/studio\/wp-content\/uploads\/2018\/02\/21368984_1428923747156397_83560764407693281_o-1024x684.jpg\" alt=\"\">\r\n          <\/div>\r\n\t\t\t\t\r\n\t\t\t\t<div class=\"content\">\r\n\t\t\t\t\t\t\t\t\t\t\t\t\t\t<\/div>\r\n\t\t\t\t<a class=\"link\" href=\"#\" data-popup-json=\"{&quot;title&quot;:&quot;&quot;,&quot;desc&quot;:false,&quot;image&quot;:{&quot;url&quot;:&quot;https:\\\/\\\/mediadot.at\\\/studio\\\/wp-content\\\/uploads\\\/2018\\\/02\\\/21368984_1428923747156397_83560764407693281_o.jpg&quot;,&quot;w&quot;:2048,&quot;h&quot;:1367},&quot;post_id&quot;:2099,&quot;likes&quot;:0,&quot;projectLink&quot;:&quot;https:\\\/\\\/mediadot.at\\\/studio\\\/project\\\/2099\\\/&quot;,&quot;projectLinkTarget&quot;:&quot;_self&quot;}\" data-id=\"4\" ><\/a>\t\t\t<\/div>\r\n\t\t<\/article>\r\n\t\t\t\t<article class=\"portfolio-item item portfolio-horizontal-item category-42 popup-item\">\r\n\t\t\t<div class=\"wrap\">\r\n\t\t\t\t\t\t\t\t\t<div class=\"a-img\" data-original=\"https:\/\/mediadot.at\/studio\/wp-content\/uploads\/2018\/02\/11214259_836704866378291_8690499976386192610_n.jpg\">\r\n\t\t\t\t\t\t<img loading=\"lazy\" decoding=\"async\" width=\"960\" height=\"640\" src=\"https:\/\/mediadot.at\/studio\/wp-content\/uploads\/2018\/02\/11214259_836704866378291_8690499976386192610_n.jpg\" alt=\"\">\r\n          <\/div>\r\n\t\t\t\t\r\n\t\t\t\t<div class=\"content\">\r\n\t\t\t\t\t\t\t\t\t\t\t\t\t\t<\/div>\r\n\t\t\t\t<a class=\"link\" href=\"#\" data-popup-json=\"{&quot;title&quot;:&quot;&quot;,&quot;desc&quot;:false,&quot;image&quot;:{&quot;url&quot;:&quot;https:\\\/\\\/mediadot.at\\\/studio\\\/wp-content\\\/uploads\\\/2018\\\/02\\\/11214259_836704866378291_8690499976386192610_n.jpg&quot;,&quot;w&quot;:960,&quot;h&quot;:640},&quot;post_id&quot;:2100,&quot;likes&quot;:0,&quot;projectLink&quot;:&quot;https:\\\/\\\/mediadot.at\\\/studio\\\/project\\\/2100\\\/&quot;,&quot;projectLinkTarget&quot;:&quot;_self&quot;}\" data-id=\"5\" ><\/a>\t\t\t<\/div>\r\n\t\t<\/article>\r\n\t\t\t\t<article class=\"portfolio-item item portfolio-horizontal-item category-42 popup-item\">\r\n\t\t\t<div class=\"wrap\">\r\n\t\t\t\t\t\t\t\t\t<div class=\"a-img\" data-original=\"https:\/\/mediadot.at\/studio\/wp-content\/uploads\/2018\/02\/DSC3147.jpg\">\r\n\t\t\t\t\t\t<img loading=\"lazy\" decoding=\"async\" width=\"1024\" height=\"565\" src=\"https:\/\/mediadot.at\/studio\/wp-content\/uploads\/2018\/02\/DSC3147-1024x565.jpg\" alt=\"\">\r\n          <\/div>\r\n\t\t\t\t\r\n\t\t\t\t<div class=\"content\">\r\n\t\t\t\t\t\t\t\t\t\t\t\t\t\t<\/div>\r\n\t\t\t\t<a class=\"link\" href=\"#\" data-popup-json=\"{&quot;title&quot;:&quot;&quot;,&quot;desc&quot;:false,&quot;image&quot;:{&quot;url&quot;:&quot;https:\\\/\\\/mediadot.at\\\/studio\\\/wp-content\\\/uploads\\\/2018\\\/02\\\/DSC3147.jpg&quot;,&quot;w&quot;:2048,&quot;h&quot;:1129},&quot;post_id&quot;:2101,&quot;likes&quot;:0,&quot;projectLink&quot;:&quot;https:\\\/\\\/mediadot.at\\\/studio\\\/project\\\/2101\\\/&quot;,&quot;projectLinkTarget&quot;:&quot;_self&quot;}\" data-id=\"6\" ><\/a>\t\t\t<\/div>\r\n\t\t<\/article>\r\n\t\t\t\t\t\t<\/div>\r\n\t\t\t\t\t<\/div>\r\n    [\/vc_column][\/vc_row][vc_row][vc_column][vc_column_text]Fotografieren ist beliebter denn je: Man will Erinnerungen festhalten, Handykameras werden immer besser (und fast jeder hat ein Smartphone) und eine Spiegelreflexkamera bekommt man schon um wenige hunderte Euro.<\/p>\n<p>Deshalb wollen wir euch unser Wissen weitergeben &#8211; durch kleine Tipps, wie etwa dass man bei Kindern auf Augenh\u00f6he, nicht von oben herab fotografieren sollte, dass im Schatten fotografieren viel leichter als in der Sonne ist, dass ohne Blitz fotografiert meist besser wirkt als mit, erh\u00e4lt man mit wenig Aufwand viel bessere Fotos.<\/p>\n<p>Viele wundert es vielleicht, dass ein Fotograf sein Wissen weiter gibt (&#8220;damit baust du dir ja deine eigene Konkurrenz auf?&#8221;) &#8211; wir wollen euch trotzdem die M\u00f6glichkeit geben, bessere Fotos zu machen, warum wollen wir kurz erkl\u00e4ren:<\/p>\n<p>Ja, es sind schon FotografInnen aus unseren Workshops entstanden &#8211; diese arbeiten aber \u00fcberwiegend mit, und nicht gegen uns &#8211; und h\u00e4tten wahrscheinlich auch sonst (etwa mit einem anderen Kurs) ihren Weg gemacht.<\/p>\n<p>Der Gro\u00dfteil aber hat einfach Freude am Fotografieren und nutzt das Wissen f\u00fcr sich selbst &#8211; egal ob f\u00fcr bessere Urlaubsfotos, Fotos von der eigenen Familie oder als Hobby &#8211; und kommt oft gerade durch den Kurs auch zu einem Fotoshooting zu uns, was uns nat\u00fcrlich umso mehr freut.[\/vc_column_text][\/vc_column][\/vc_row][vc_row][vc_column][vc_tta_tabs][vc_tta_section title=&#8221;Grundlagen&#8221; tab_id=&#8221;1517280847371-8017823c-7ba3&#8243;][vc_column_text]<\/p>\n<h5>Grundlagenkurs Fotografie &amp; Bearbeitung<\/h5>\n<p>6 Abende zu je ca. 1 Stunde Fotografie w\u00f6chentlich<br \/>\n2 Abende zu je ca. 2 Stunden Bearbeitung geblockt<br \/>\nTermine werden gemeinsam beim 1. Termin vereinbart<br \/>\nOrt: Fotostudio media.dot in 5241 Maria Schmolln Nr. 8<br \/>\nKursleitung: Martin M\u00fchlbacher<\/p>\n<p>&nbsp;<\/p>\n<p><strong>Voraussetzungen<\/strong><\/p>\n<ul>\n<li><strong>KEINE Vorkenntnisse<\/strong><\/li>\n<li><strong>Digitalkamera<\/strong> mit manuellen Einstellungsm\u00f6glichkeiten (Spiegelreflex oder Systemkamera)<br \/>\nmuss nicht vorhanden sein, kann auch nach dem ersten Termin (Kaufberatung) gekauft werden<\/li>\n<li><strong>Laptop <\/strong>(Windows oder Mac), Software Lightroom (Testversion verf\u00fcgbar)<\/li>\n<\/ul>\n<p>&nbsp;<\/p>\n<p><strong>Ablauf<\/strong><\/p>\n<p>An jedem Abend wird ein Thema zuerst theoretisch behandelt und dann praktisch daran gearbeitet. W\u00e4hrend des Arbeitsprozesses auftauchende Fragen werden im Laufe der Stunde gekl\u00e4rt, dann ist eine Woche Zeit das Gelernte anzuwenden. Beim darauffolgenden Termin gibt es eine Feedbackrunde zur \u201eHaus\u00fcbung\u201c, dann wird darauf aufbauend das n\u00e4chste Thema bearbeitet.<\/p>\n<p>Es werden immer kleine Themengebiete praktisch angewendet, so beh\u00e4lt man das Gelernte auch langfristig, deshalb findet der Basic-Kurs nicht blockweise statt. Die Unterlagen erh\u00e4lt man in Form einer Videoaufzeichnung jedes Termines, so kann man jederzeit auch Fragen und Zusammenh\u00e4nge nachvollziehen (was man sich bei textlichen Unterlagen oft umst\u00e4ndlich heraussuchen muss). Es werden auch die Fotos der nicht anwesenden Teilnehmer besprochen, so ist es auch kein Problem, wenn man bei einem Termin fehlt.<\/p>\n<p><strong>\u00a0<\/strong><\/p>\n<p><strong>Inhalte<\/strong><\/p>\n<ol>\n<li>Abend: <strong>Technische Einf\u00fchrung, Kaufberatung, Automatikmodi<\/strong><\/li>\n<li>Abend: <strong>Kameraeinstellungen verstehen, Blende, Zeit, ISO<\/strong><\/li>\n<li>Abend: <strong>Kompositionsregeln, Landschaft \/ Architektur \/ Urlaub<\/strong><\/li>\n<li>Abend: <strong>Licht sehen &amp; nutzen, Menschen &amp; Kinder<\/strong><\/li>\n<li>Abend: <strong>Bei Nacht fotografieren \/ Blitzen<\/strong><\/li>\n<li>Abend: <strong>Frageabend \u2013 offene Probleme \/ Fragen der Teilnehmer <\/strong><\/li>\n<li>Abend: <strong>Fotobearbeitung \u2013 Import, Dateistruktur, Auswahl, Zuschnitt<br \/>\n<\/strong><strong>Fotobearbeitung \u2013 Grundkorrektur, Schwarzwei\u00df, Effekte <\/strong><\/li>\n<li>Abend: <strong>Bilder pr\u00e4sentieren \u2013 Vorbereitung f\u00fcr Druck, Fernseher &amp; Co. <\/strong><strong>Abschlusspr\u00e4sentation, Frage- &amp; Feedbackrunde<\/strong><\/li>\n<\/ol>\n<p>&nbsp;<\/p>\n<p><strong>Kosten \/ Anmeldung<\/strong><\/p>\n<p>Die Kursgeb\u00fchr ist einmalig 249\u20ac f\u00fcr alle 8 Termine. Man kann auch nur den Fotografie-Teil (6 Termine) um 169\u20ac oder die 2 Bearbeitungsabende um 99\u20ac belegen.\u00a0Die Teilnehmerzahl ist auf maximal 14 Personen beschr\u00e4nkt (bei mehr Personen werden die Kurse aufgeteilt).<\/p>\n<p>Bei Interesse einfach eine e-mail an <a href=\"mailto:kontakt@mdot.at\">kontakt@mdot.at<\/a> senden, dann erhaltet ihr die Ausschreibung zum n\u00e4chsten Kurs. (meistens Fr\u00fchjahr &amp; Herbst)[\/vc_column_text][\/vc_tta_section][vc_tta_section title=&#8221;Advanced&#8221; tab_id=&#8221;1517280847391-ce79313a-87fe&#8221;][vc_column_text]<\/p>\n<h5>Fotokurs Advanced<\/h5>\n<p>6 Bl\u00f6cke an verschiedenen Locations<br \/>\nTermine werden gemeinsam beim 1. Termin vereinbart<br \/>\nFotostudio media.dot in 5241 Maria Schmolln 8<br \/>\nKursleitung: Martin M\u00fchlbacher<\/p>\n<p>&nbsp;<\/p>\n<p><strong>Voraussetzungen<\/strong><\/p>\n<ul>\n<li><strong>m.fotokurs Grundlagen + Bearbeitung <\/strong>ODER <strong>vergleichbarer Wissensstand<\/strong> (Kameraeinstellungen, Kompositionsregeln, Fotobearbeitung mit Lightroom etc.)<\/li>\n<li><strong>Digitalkamera<\/strong> mit manuellen Einstellungsm\u00f6glichkeiten (Spiegelreflex oder Systemkamera)<\/li>\n<li><strong>Laptop <\/strong>(Windows oder Mac), Software wird bereitgestellt<\/li>\n<\/ul>\n<p>&nbsp;<\/p>\n<p><strong>Ablauf<\/strong><\/p>\n<p>Der Fortgeschrittenen-Kurs besteht aus 6 Bl\u00f6cken, bei denen jeweils ein Thema bearbeitet wird. Es erfolgt zu Beginn jedes Blockes eine Einf\u00fchrung in die Thematik und dann die in der Regel selbstst\u00e4ndige praktische Arbeit am \u201eProjekt\u201c (etwa Inszenierung \/ Posing), nat\u00fcrlich unter Hilfestellung.<\/p>\n<p>&nbsp;<\/p>\n<p><strong>Inhalte<\/strong><\/p>\n<ol>\n<li>Termin 1,5h<br \/>\n<strong>Pr\u00e4sentation eigener Arbeiten, Terminvereinbarung, erweiterte Kameraeinstellungen<\/strong><\/li>\n<li>Block 2,5h<br \/>\n<strong>Fotografieren bei D\u00e4mmerung und Nacht<\/strong><\/li>\n<li>Block 3h<br \/>\n<strong>Fotogafieren outdoor mit vorhandenem Licht, Posing \/ Inszenierung<\/strong><\/li>\n<li>Block 3h<br \/>\n<strong>Mit Licht arbeiten, Reflektor, Home-Studio &amp; Co<\/strong><\/li>\n<li>Block 2h<br \/>\n<strong>erweiterte Bearbeitung mit Photoshop, Panoramen, HDR, Retusche, Composing Einf\u00fchrung<\/strong><\/li>\n<li>Block 2h<br \/>\n<strong>div. Fotosoftware, Plattformen etc., Pr\u00e4sentation der Arbeiten<\/strong><\/li>\n<\/ol>\n<p><strong>\u00a0<\/strong><\/p>\n<p><strong>Kosten \/ Anmeldung<\/strong><\/p>\n<p>Die Kursgeb\u00fchr ist einmalig 350\u20ac f\u00fcr alle 6 Bl\u00f6cke, die Teilnehmerzahl ist auf maximal 10 Personen beschr\u00e4nkt.\u00a0Bei Interesse einfach eine e-mail an <a href=\"mailto:kontakt@mdot.at\">kontakt@mdot.at<\/a> senden, dann erhaltet ihr die Ausschreibung zum n\u00e4chsten Kurs.[\/vc_column_text][\/vc_tta_section][vc_tta_section title=&#8221;weitere Workshops&#8221; tab_id=&#8221;1517671836830-870238aa-14b0&#8243;][vc_column_text]Wir halten immer wieder auch Workshops zu verschiedensten Themen ab, etwa Fotografieren mit dem Handy, Bildbearbeitung mit Photoshop, Studiofotografie etc.\u00a0Bei Interesse einfach eine e-mail an <a href=\"mailto:kontakt@mdot.at\">kontakt@mdot.at<\/a>\u00a0senden, dann erhaltet ihr die Ausschreibungen zu den n\u00e4chsten Workshops. Gerne auch euren Workshopwunsch (Urlaubsfotos, Kinder fotografieren, Fashionfotografie, Posing etc.) mit angeben.[\/vc_column_text][\/vc_tta_section][\/vc_tta_tabs][\/vc_column][\/vc_row]<\/p>\n","protected":false},"excerpt":{"rendered":"<p>[vc_row][vc_column][\/vc_column][\/vc_row][vc_row][vc_column][vc_column_text]Fotografieren ist beliebter denn je: Man will Erinnerungen festhalten, Handykameras werden immer besser (und fast jeder hat ein Smartphone) und eine Spiegelreflexkamera bekommt man schon um wenige hunderte Euro. Deshalb wollen wir euch unser Wissen weitergeben &#8211; durch kleine Tipps, wie etwa dass man bei Kindern auf Augenh\u00f6he, nicht von oben herab fotografieren sollte, dass [&hellip;]<\/p>\n","protected":false},"author":2,"featured_media":0,"parent":0,"menu_order":0,"comment_status":"closed","ping_status":"closed","template":"","meta":{"_acf_changed":false,"footnotes":"","_links_to":"","_links_to_target":""},"class_list":["post-1404","page","type-page","status-publish","hentry"],"acf":[],"_links":{"self":[{"href":"https:\/\/mediadot.at\/studio\/wp-json\/wp\/v2\/pages\/1404","targetHints":{"allow":["GET"]}}],"collection":[{"href":"https:\/\/mediadot.at\/studio\/wp-json\/wp\/v2\/pages"}],"about":[{"href":"https:\/\/mediadot.at\/studio\/wp-json\/wp\/v2\/types\/page"}],"author":[{"embeddable":true,"href":"https:\/\/mediadot.at\/studio\/wp-json\/wp\/v2\/users\/2"}],"replies":[{"embeddable":true,"href":"https:\/\/mediadot.at\/studio\/wp-json\/wp\/v2\/comments?post=1404"}],"version-history":[{"count":14,"href":"https:\/\/mediadot.at\/studio\/wp-json\/wp\/v2\/pages\/1404\/revisions"}],"predecessor-version":[{"id":3332,"href":"https:\/\/mediadot.at\/studio\/wp-json\/wp\/v2\/pages\/1404\/revisions\/3332"}],"wp:attachment":[{"href":"https:\/\/mediadot.at\/studio\/wp-json\/wp\/v2\/media?parent=1404"}],"curies":[{"name":"wp","href":"https:\/\/api.w.org\/{rel}","templated":true}]}}