{"id":2479,"date":"2018-02-01T02:56:39","date_gmt":"2018-02-01T01:56:39","guid":{"rendered":"http:\/\/mdot.at\/studio\/?page_id=2479"},"modified":"2018-02-02T03:42:55","modified_gmt":"2018-02-02T02:42:55","slug":"portraits","status":"publish","type":"page","link":"https:\/\/mediadot.at\/studio\/portraits\/","title":{"rendered":"Du bist sch\u00f6n, so wie du bist!"},"content":{"rendered":"<p>[vc_row full_width=&#8221;stretch_row_content_no_spaces&#8221;][vc_column]<div class=\"banner-area banner-area-69f29de960065 banner-color-inherit\" data-settings=\"{&quot;loop&quot;:true,&quot;speed&quot;:500,&quot;autoplay&quot;:{&quot;delay&quot;:5000,&quot;disableOnInteraction&quot;:false,&quot;pauseOnMouseEnter&quot;:true},&quot;arrows&quot;:true,&quot;dots&quot;:true,&quot;dots_position&quot;:&quot;left&quot;,&quot;animation&quot;:&quot;&quot;}\"><div class=\"banner banner-69f29de960065  fixed-height arrows-left pagination-left\" style=\"height:450px; --transition-speed: 2500ms;\"><div class=\"swiper-container\"><div class=\"swiper-wrapper\"><div class=\"item swiper-slide banner-item-69f29de96017e tal black\">\r\n      <div class=\"bg-image\" style=\"background-image: url(https:\/\/mediadot.at\/studio\/wp-content\/uploads\/2018\/02\/D7T3183.jpg)\"><\/div>\r\n      \r\n      \r\n      <div class=\"container\">\r\n        <div class=\"cell top\">\r\n          \r\n          \r\n          \r\n          \r\n        <\/div>\r\n      <\/div>\r\n    <\/div><\/div><\/div><div class=\"owl-nav\"><div class=\"owl-prev basic-ui-icon-left-arrow\"><\/div><div class=\"owl-next basic-ui-icon-right-arrow\"><\/div><\/div><div class=\"owl-dots\"><\/div><\/div><\/div>[\/vc_column][\/vc_row][vc_row][vc_column][vc_separator][\/vc_column][\/vc_row][vc_row][vc_column][vc_column_text]Jeder hat an sich etwas zu bem\u00e4ngeln. Die Nase passt nicht. Oder die Augenringe. Oder die eine Falte. Egal! Auch wenn ich mich wiederhole &#8211; niemand ist perfekt. Auch nicht Models und die Stars auf TV-Zeitschriften &#8211; schaut sie euch mal ungeschminkt an. Dann sieht man wieviel gemacht wurde, oft auch durch Fotoretusche (was wir nat\u00fcrlich auch machen k\u00f6nnen, wenn du das willst).<\/p>\n<p>Generell gef\u00e4llt uns aber Nat\u00fcrlichkeit viel besser, deshalb sind unsere Fotos zwar bearbeitet aber nur auf Wunsch retuschiert. Die Z\u00e4hne &amp; Augen aufhellen, F\u00e4ltchen etwas abschw\u00e4chen, Pickel entfernen, Haut reiner machen &#8211; alles kein Problem, meist reicht aber schon die richtige\u00a0Beleuchtung, damit man sich selbst gef\u00e4llt.<\/p>\n<p>Hier setzen wir an &#8211; durch kleinste Ver\u00e4nderungen, etwa das hinzuf\u00fcgen eines Haarlichts, eine leichte Positions\u00e4nderung oder die Wahl eines anderen Lichtformers wirkt ein Foto gleich ganz anders. So ist das eine etwa als Bewerbungsfoto als Teamleiter geeignet, w\u00e4hrend ein anderes besser f\u00fcr den Job als Controller passt. Und f\u00fcr den Partner wird es wieder anders aussehen.[\/vc_column_text][\/vc_column][\/vc_row]<\/p>\n","protected":false},"excerpt":{"rendered":"<p>[vc_row full_width=&#8221;stretch_row_content_no_spaces&#8221;][vc_column][\/vc_column][\/vc_row][vc_row][vc_column][vc_separator][\/vc_column][\/vc_row][vc_row][vc_column][vc_column_text]Jeder hat an sich etwas zu bem\u00e4ngeln. Die Nase passt nicht. Oder die Augenringe. Oder die eine Falte. Egal! Auch wenn ich mich wiederhole &#8211; niemand ist perfekt. Auch nicht Models und die Stars auf TV-Zeitschriften &#8211; schaut sie euch mal ungeschminkt an. Dann sieht man wieviel gemacht wurde, oft auch durch Fotoretusche (was [&hellip;]<\/p>\n","protected":false},"author":2,"featured_media":0,"parent":0,"menu_order":0,"comment_status":"closed","ping_status":"closed","template":"","meta":{"_acf_changed":false,"footnotes":"","_links_to":"","_links_to_target":""},"class_list":["post-2479","page","type-page","status-publish","hentry"],"acf":[],"_links":{"self":[{"href":"https:\/\/mediadot.at\/studio\/wp-json\/wp\/v2\/pages\/2479","targetHints":{"allow":["GET"]}}],"collection":[{"href":"https:\/\/mediadot.at\/studio\/wp-json\/wp\/v2\/pages"}],"about":[{"href":"https:\/\/mediadot.at\/studio\/wp-json\/wp\/v2\/types\/page"}],"author":[{"embeddable":true,"href":"https:\/\/mediadot.at\/studio\/wp-json\/wp\/v2\/users\/2"}],"replies":[{"embeddable":true,"href":"https:\/\/mediadot.at\/studio\/wp-json\/wp\/v2\/comments?post=2479"}],"version-history":[{"count":3,"href":"https:\/\/mediadot.at\/studio\/wp-json\/wp\/v2\/pages\/2479\/revisions"}],"predecessor-version":[{"id":3216,"href":"https:\/\/mediadot.at\/studio\/wp-json\/wp\/v2\/pages\/2479\/revisions\/3216"}],"wp:attachment":[{"href":"https:\/\/mediadot.at\/studio\/wp-json\/wp\/v2\/media?parent=2479"}],"curies":[{"name":"wp","href":"https:\/\/api.w.org\/{rel}","templated":true}]}}