{"id":2483,"date":"2018-02-01T02:59:53","date_gmt":"2018-02-01T01:59:53","guid":{"rendered":"http:\/\/mdot.at\/studio\/?page_id=2483"},"modified":"2020-01-06T22:06:08","modified_gmt":"2020-01-06T21:06:08","slug":"businessfotografie","status":"publish","type":"page","link":"https:\/\/mediadot.at\/studio\/businessfotografie\/","title":{"rendered":"Businessfotografie"},"content":{"rendered":"<p>[vc_row full_width=&#8221;stretch_row_content_no_spaces&#8221;][vc_column]<div class=\"banner-area banner-area-69e18dbad9105 banner-color-inherit\" data-settings=\"{&quot;loop&quot;:true,&quot;speed&quot;:500,&quot;autoplay&quot;:{&quot;delay&quot;:5000,&quot;disableOnInteraction&quot;:false,&quot;pauseOnMouseEnter&quot;:true},&quot;arrows&quot;:true,&quot;dots&quot;:true,&quot;dots_position&quot;:&quot;left&quot;,&quot;animation&quot;:&quot;&quot;}\"><div class=\"banner banner-69e18dbad9105  fixed-height arrows-left pagination-left\" style=\"height:450px; --transition-speed: 2500ms;\"><div class=\"swiper-container\"><div class=\"swiper-wrapper\"><div class=\"item swiper-slide banner-item-69e18dbad922c tal black\">\r\n      <div class=\"bg-image\" style=\"background-image: url(https:\/\/mediadot.at\/studio\/wp-content\/uploads\/2018\/02\/2.jpg)\"><\/div>\r\n      \r\n      \r\n      <div class=\"container\">\r\n        <div class=\"cell top\">\r\n          \r\n          \r\n          \r\n          \r\n        <\/div>\r\n      <\/div>\r\n    <\/div><\/div><\/div><div class=\"owl-nav\"><div class=\"owl-prev basic-ui-icon-left-arrow\"><\/div><div class=\"owl-next basic-ui-icon-right-arrow\"><\/div><\/div><div class=\"owl-dots\"><\/div><\/div><\/div>[\/vc_column][\/vc_row][vc_row][vc_column][vc_separator][\/vc_column][\/vc_row][vc_row][vc_column][vc_column_text]Neben der Privatfotografie d\u00fcrfen wir auch f\u00fcr viele Firmen Fotoprojekte umsetzen. Zu den Hauptbereichen geh\u00f6ren bei uns hierbei:<\/p>\n<p>Fashion<br \/>\nArchitektur<br \/>\nImage \/ Commercial<br \/>\nMitarbeiterfotos<br \/>\nFood \/ Product<\/p>\n<p>Bei Interesse geht&#8217;s hier zur <a href=\"https:\/\/mdot.at\/photography\/arbeiten\/\" target=\"_blank\" rel=\"noopener noreferrer\">Website f\u00fcr kommerzielle Fotografie &gt;&gt;<\/a>[\/vc_column_text][\/vc_column][\/vc_row]<\/p>\n","protected":false},"excerpt":{"rendered":"<p>[vc_row full_width=&#8221;stretch_row_content_no_spaces&#8221;][vc_column][\/vc_column][\/vc_row][vc_row][vc_column][vc_separator][\/vc_column][\/vc_row][vc_row][vc_column][vc_column_text]Neben der Privatfotografie d\u00fcrfen wir auch f\u00fcr viele Firmen Fotoprojekte umsetzen. Zu den Hauptbereichen geh\u00f6ren bei uns hierbei: Fashion Architektur Image \/ Commercial Mitarbeiterfotos Food \/ Product Bei Interesse geht&#8217;s hier zur Website f\u00fcr kommerzielle Fotografie &gt;&gt;[\/vc_column_text][\/vc_column][\/vc_row]<\/p>\n","protected":false},"author":2,"featured_media":0,"parent":0,"menu_order":0,"comment_status":"closed","ping_status":"closed","template":"","meta":{"_acf_changed":false,"footnotes":"","_links_to":"","_links_to_target":""},"class_list":["post-2483","page","type-page","status-publish","hentry"],"acf":[],"_links":{"self":[{"href":"https:\/\/mediadot.at\/studio\/wp-json\/wp\/v2\/pages\/2483","targetHints":{"allow":["GET"]}}],"collection":[{"href":"https:\/\/mediadot.at\/studio\/wp-json\/wp\/v2\/pages"}],"about":[{"href":"https:\/\/mediadot.at\/studio\/wp-json\/wp\/v2\/types\/page"}],"author":[{"embeddable":true,"href":"https:\/\/mediadot.at\/studio\/wp-json\/wp\/v2\/users\/2"}],"replies":[{"embeddable":true,"href":"https:\/\/mediadot.at\/studio\/wp-json\/wp\/v2\/comments?post=2483"}],"version-history":[{"count":4,"href":"https:\/\/mediadot.at\/studio\/wp-json\/wp\/v2\/pages\/2483\/revisions"}],"predecessor-version":[{"id":3431,"href":"https:\/\/mediadot.at\/studio\/wp-json\/wp\/v2\/pages\/2483\/revisions\/3431"}],"wp:attachment":[{"href":"https:\/\/mediadot.at\/studio\/wp-json\/wp\/v2\/media?parent=2483"}],"curies":[{"name":"wp","href":"https:\/\/api.w.org\/{rel}","templated":true}]}}