{"id":777,"date":"2017-09-20T14:11:40","date_gmt":"2017-09-20T14:11:40","guid":{"rendered":"http:\/\/mdot.at\/studio\/?page_id=777"},"modified":"2024-07-01T12:04:39","modified_gmt":"2024-07-01T11:04:39","slug":"info","status":"publish","type":"page","link":"https:\/\/mediadot.at\/studio\/info\/","title":{"rendered":"Info"},"content":{"rendered":"<p>[vc_row full_width=&#8221;stretch_row_content_no_spaces&#8221;][vc_column]<div class=\"banner-area banner-area-69f2adbc3d8af banner-color-inherit\" data-settings=\"{&quot;loop&quot;:true,&quot;speed&quot;:500,&quot;autoplay&quot;:{&quot;delay&quot;:5000,&quot;disableOnInteraction&quot;:false,&quot;pauseOnMouseEnter&quot;:true},&quot;arrows&quot;:true,&quot;dots&quot;:true,&quot;dots_position&quot;:&quot;right&quot;,&quot;animation&quot;:&quot;&quot;}\"><div class=\"banner banner-69f2adbc3d8af  fixed-height arrows-right-bottom pagination-right\" style=\"height:450px; --transition-speed: 2500ms;\"><div class=\"swiper-container\"><div class=\"swiper-wrapper\"><div class=\"item swiper-slide banner-item-69f2adbc3da3f tar black\">\r\n      <div class=\"bg-image\" style=\"background-image: url(https:\/\/mediadot.at\/studio\/wp-content\/uploads\/2018\/02\/DSC2328.jpg)\"><\/div>\r\n      \r\n      \r\n      <div class=\"container\">\r\n        <div class=\"cell middle\">\r\n          <div class=\"heading heading-decor\">\r\n        \r\n        <h3 class=\"h\">wir machen mehr.<\/h3>\r\n      <\/div>\r\n          <div class=\"text\">Branding, Design, Video\u2026 zu unseren weiteren Leistungen geht es hier:<\/div>\r\n          <a href=\"https:\/\/mdot.at\/studio\/wir-machen-mehr\/\" class=\"button-style1\"><span>mehr<\/span><\/a>\r\n          \r\n        <\/div>\r\n      <\/div>\r\n    <\/div><\/div><\/div><div class=\"owl-nav\"><div class=\"owl-prev basic-ui-icon-left-arrow\"><\/div><div class=\"owl-next basic-ui-icon-right-arrow\"><\/div><\/div><div class=\"owl-dots\"><\/div><\/div><\/div>[vc_custom_heading text=&#8221;mehr von uns:&#8221; font_container=&#8221;tag:h3|text_align:center&#8221; use_theme_fonts=&#8221;yes&#8221; decor_line=&#8221;on&#8221;][\/vc_column][\/vc_row][vc_row equal_height=&#8221;yes&#8221; content_placement=&#8221;middle&#8221;][vc_column css_animation=&#8221;fadeInUp&#8221; width=&#8221;1\/4&#8243;][vc_single_image image=&#8221;2291&#8243; img_size=&#8221;full&#8221; alignment=&#8221;center&#8221; onclick=&#8221;custom_link&#8221; link=&#8221;https:\/\/mdot.at\/studio\/hochzeit\/&#8221;][\/vc_column][vc_column css_animation=&#8221;fadeInLeft&#8221; width=&#8221;1\/4&#8243;][vc_single_image image=&#8221;2289&#8243; img_size=&#8221;full&#8221; alignment=&#8221;center&#8221; onclick=&#8221;custom_link&#8221; link=&#8221;https:\/\/mdot.at\/studio\/businessfotografie\/&#8221;][\/vc_column][vc_column css_animation=&#8221;fadeInRight&#8221; width=&#8221;1\/4&#8243;][vc_single_image image=&#8221;2292&#8243; img_size=&#8221;full&#8221; alignment=&#8221;center&#8221; onclick=&#8221;custom_link&#8221; link=&#8221;https:\/\/mdot.at\/studio\/selfiestudio\/&#8221;][\/vc_column][vc_column css_animation=&#8221;fadeInUp&#8221; width=&#8221;1\/4&#8243;][vc_single_image image=&#8221;2290&#8243; img_size=&#8221;full&#8221; alignment=&#8221;center&#8221; onclick=&#8221;custom_link&#8221; link=&#8221;https:\/\/mdot.at\/studio\/fotobox\/&#8221;][\/vc_column][\/vc_row][vc_row full_width=&#8221;stretch_row_content_no_spaces&#8221;][vc_column css_animation=&#8221;fadeIn&#8221;]<div class=\"category row category-69f2adbc3efa2 type-normal\"><div class=\"item category-item-69f2adbc3f0c6 white\" style=\"background-image: url(https:\/\/mediadot.at\/studio\/wp-content\/uploads\/2018\/02\/1.jpg)\">\r\n      \r\n      <h6 class=\"sub-h\">REPORTAGE? AFTERWEDDING?<\/h6><h3 class=\"h\">EUER HOCHZEITSTAG<\/h3>\r\n      <a href=\"https:\/\/mdot.at\/studio\/euer-hochzeitstag\/\" class=\"button-style1\" target=\"\">MEHR DAZU<\/a>\r\n    <\/div><div class=\"item category-item-69f2adbc3f6c7 white\" style=\"background-image: url(https:\/\/mediadot.at\/studio\/wp-content\/uploads\/2018\/02\/DSC3165.jpg)\">\r\n      \r\n      <h6 class=\"sub-h\">FAMILIENFOTOS MAL ANDERS:<\/h6><h3 class=\"h\">HOMESTORY<\/h3>\r\n      <a href=\"https:\/\/mdot.at\/studio\/homestory\/\" class=\"button-style1\" target=\"\">MEHR DAZU<\/a>\r\n    <\/div><div class=\"item category-item-69f2adbc3fabc white\" style=\"background-image: url(https:\/\/mediadot.at\/studio\/wp-content\/uploads\/2022\/01\/DSC0571_r-scaled.jpg)\">\r\n      \r\n      <h6 class=\"sub-h\">WOHLF\u00dcHLEN &amp; SPASS HABEN:<\/h6><h3 class=\"h\">PAARSHOOTING<\/h3>\r\n      <a href=\"https:\/\/mdot.at\/studio\/paarshooting\/\" class=\"button-style1\" target=\"\">MEHR DAZU<\/a>\r\n    <\/div><div class=\"item category-item-69f2adbc3fe7c white\" style=\"background-image: url(https:\/\/mediadot.at\/studio\/wp-content\/uploads\/2022\/01\/DSC0450-scaled.jpg)\">\r\n      \r\n      <h6 class=\"sub-h\">NAT\u00dcRLICHKEIT Z\u00c4HLT:<\/h6><h3 class=\"h\">PORTRAITS<\/h3>\r\n      <a href=\"https:\/\/mdot.at\/studio\/portraits\/\" class=\"button-style1\" target=\"\">MEHR DAZU<\/a>\r\n    <\/div><\/div>[\/vc_column][\/vc_row][vc_row][vc_column css_animation=&#8221;fadeInUp&#8221; css=&#8221;.vc_custom_1506084208527{margin-bottom: 55px !important;padding-top: 40px !important;}&#8221;][vc_custom_heading text=&#8221;\u00dcber das Leben, sich trauen &amp; Geld&#8221; font_container=&#8221;tag:h3|text_align:center&#8221; use_theme_fonts=&#8221;yes&#8221; decor_line=&#8221;on&#8221;]<div class=\"testimonials row testimonials-69f2adbc4023d\"><div class=\"item\"><div class=\"row\"><div class=\"col-12 col-sm-6 image\"><div style=\"background-image: url(https:\/\/mediadot.at\/studio\/wp-content\/uploads\/2022\/01\/DSC1634-scaled.jpg)\"><\/div><\/div><div class=\"col-12 col-sm-6 offset-sm-6\"><div class=\"quote\"><div class=\"q\">\u201c<\/div>Ein Auto kann man sich kaufen, ein Haus kann man sich aufbauen. Momente dagegen sind unwiederbringlich. Gerade deshalb ist es wichtig, die Zeit so einzufangen wie man sie erlebt - nicht ein schneller Handyschnappschuss, sondern immer wieder auch mal ein 'richtiges' Foto - so h\u00e4lt man die Zeit fest, wie man sie erlebt hat. Uns das ist uns besonders wichtig - Menschen so festzuhalten, wie sie sind.<\/div><h4>Sind Fotos eine Wertanlage?<\/h4><div class=\"post\">Ja. Denn Erinnerungen kann man sich nicht kaufen.<\/div><\/div><\/div><\/div><div class=\"item\"><div class=\"row\"><div class=\"col-12 col-sm-6 image\"><div style=\"background-image: url(https:\/\/mediadot.at\/studio\/wp-content\/uploads\/2018\/02\/DSC1929.jpg)\"><\/div><\/div><div class=\"col-12 col-sm-6 offset-sm-6\"><div class=\"quote\"><div class=\"q\">\u201c<\/div>Du wolltest schon immer mal \u201esch\u00f6ne Fotos\u201c machen? Hast dich nie getraut? Hast dir gedacht, vielleicht sp\u00e4ter mal? Daf\u00fcr habe ich die falsche Figur? Niemand ist perfekt, und das ist gut so! Bei uns kannst du dir Fotograf \/ Fotografin aussuchen und mit dem richtigen Licht und ein paar Posingtricks wirkt ein Foto oft gleich ganz anders. Egal ob bei uns im Studio oder bei dir zuhause.<\/div><h4>Ich? Ein Boudoirshooting?<\/h4><div class=\"post\">Ja! Trau dich, du wirst es nicht bereuen!<\/div><\/div><\/div><\/div><div class=\"item\"><div class=\"row\"><div class=\"col-12 col-sm-6 image\"><div style=\"background-image: url(https:\/\/mediadot.at\/studio\/wp-content\/uploads\/2022\/01\/D825770-scaled.jpg)\"><\/div><\/div><div class=\"col-12 col-sm-6 offset-sm-6\"><div class=\"quote\"><div class=\"q\">\u201c<\/div>Soll man ins Fotostudio gehen, wenn man doch sowieso im Krankenhaus Fotosets kaufen kann? Alle Eltern, die ein Newbornshooting gemacht haben, werden sagen ja. Denn durch entspannte Atmosph\u00e4re, Liebe zum Detail und vor allem Zeit entstehen wundervolle Bilder, die auch Jahre danach f\u00fcr Freude sorgen. Tipp: Serien mit Babybauch, Newborn &amp; wenn sie sitzen k\u00f6nnen wirken besonders sch\u00f6n<\/div><h4>Warum Newbornfotos?<\/h4><div class=\"post\">Weil sie nur einmal so klein sind.<\/div><\/div><\/div><\/div><\/div>[\/vc_column][\/vc_row][vc_row full_width=&#8221;stretch_row_content_no_spaces&#8221;][vc_column css_animation=&#8221;fadeIn&#8221; css=&#8221;.vc_custom_1506084268413{margin-bottom: 30px !important;}&#8221;]<div class=\"price-list-type2 row price-list-type2-69f2adbc40e30\"><div class=\"item price-list-type2-item-69f2adbc40f1d\">\r\n        <h6 class=\"h\">mini session<\/h6>\r\n        <div class=\"price\">40\u20ac<\/div>\r\n        <div class=\"img\" style=\"background-image: url(https:\/\/mediadot.at\/studio\/wp-content\/uploads\/2022\/01\/DSC4867-scaled.jpg)\"><\/div>\r\n        <div class=\"options\">\r\n            <div class=\"heading-decor\"><h5>perfekt f\u00fcr portraits<\/h5><\/div>\r\n            <div class=\"o-row\">15 Minuten Fotoshooting<br \/><\/div><div class=\"o-row\">alle Fotos digital (unbearbeitet)<br \/><\/div><div class=\"o-row\">inkl. 1 Foto bearbeitet digital<br \/><\/div><div class=\"o-row\">im Studio oder Outdoor<br \/><\/div><div class=\"o-row\">nur 1 Person m\u00f6glich<\/div>\r\n        <\/div>\r\n        <a href=\"mailto:kontakt@mdot.at\" class=\"button-style1\">Fragen?<\/a>\r\n    <\/div><div class=\"item price-list-type2-item-69f2adbc415be\">\r\n        <h6 class=\"h\">fotoshooting<\/h6>\r\n        <div class=\"price\">220\u20ac<\/div>\r\n        <div class=\"img\" style=\"background-image: url(https:\/\/mediadot.at\/studio\/wp-content\/uploads\/2022\/01\/DSC0614-scaled.jpg)\"><\/div>\r\n        <div class=\"options\">\r\n            <div class=\"heading-decor\"><h5>paar, freunde &amp; co<\/h5><\/div>\r\n            <div class=\"o-row\">1 Stunde Fotoshooting<br \/><\/div><div class=\"o-row\">10 Fotos bearbeitet digital &amp; ausgedruckt<br \/><\/div><div class=\"o-row\">Als Abzug 13x18 in Box<br \/><\/div><div class=\"o-row\">im Studio oder Outdoor<br \/><\/div><div class=\"o-row\">gratis Foto-CD<\/div>\r\n        <\/div>\r\n        <a href=\"mailto:kontakt@mdot.at\" class=\"button-style1\">Fragen?<\/a>\r\n    <\/div><div class=\"item price-list-type2-item-69f2adbc41a30\">\r\n        <h6 class=\"h\">fotoshooting<\/h6>\r\n        <div class=\"price\">250\u20ac<\/div>\r\n        <div class=\"img\" style=\"background-image: url(https:\/\/mediadot.at\/studio\/wp-content\/uploads\/2022\/01\/Z627318-2-scaled.jpg)\"><\/div>\r\n        <div class=\"options\">\r\n            <div class=\"heading-decor\"><h5>familien<\/h5><\/div>\r\n            <div class=\"o-row\">1 Stunde Fotoshooting<br \/><\/div><div class=\"o-row\">Paket S - bis zu 5 Personen<br \/><\/div><div class=\"o-row\">10 Fotos bearbeitet digital &amp; ausgedruckt<br \/><\/div><div class=\"o-row\">Als Abzug 13x18 in Box<br \/><\/div><div class=\"o-row\">im Studio oder Outdoor<\/div>\r\n        <\/div>\r\n        <a href=\"mailto:kontakt@mdot.at\" class=\"button-style1\">Fragen?<\/a>\r\n    <\/div><div class=\"item price-list-type2-item-69f2adbc41e86\">\r\n        <h6 class=\"h\">selfie studio<\/h6>\r\n        <div class=\"price\">49\u20ac<\/div>\r\n        <div class=\"img\" style=\"background-image: url(https:\/\/mediadot.at\/studio\/wp-content\/uploads\/2022\/01\/DSC_0024-2-scaled.jpg)\"><\/div>\r\n        <div class=\"options\">\r\n            <div class=\"heading-decor\"><h5>spa\u00df garantiert!<\/h5><\/div>\r\n            <div class=\"o-row\">50 Minuten selber fotografieren<br \/><\/div><div class=\"o-row\">\u00fcber 300 Accessoires<br \/><\/div><div class=\"o-row\">egal wieviele Fotos<br \/><\/div><div class=\"o-row\">1 Foto kostet 3\u20ac, alle 150\u20ac<br \/><\/div><div class=\"o-row\">Fotos digital als Download<\/div>\r\n        <\/div>\r\n        <a href=\"mailto:kontakt@mdot.at\" class=\"button-style1\">Fragen?<\/a>\r\n    <\/div><div class=\"item price-list-type2-item-69f2adbc422ba\">\r\n        <h6 class=\"h\">beispielpaket hochzeit<\/h6>\r\n        <div class=\"price\">1540\u20ac<\/div>\r\n        <div class=\"img\" style=\"background-image: url(https:\/\/mediadot.at\/studio\/wp-content\/uploads\/2022\/01\/D755920-2-scaled.jpg)\"><\/div>\r\n        <div class=\"options\">\r\n            <div class=\"heading-decor\"><h5>hochzeitsfotos + reportage<\/h5><\/div>\r\n            <div class=\"o-row\">1 Stunde Paarshooting<br \/><\/div><div class=\"o-row\">7 Stunden Fotoreportage<br \/><\/div><div class=\"o-row\">90 Fotos bearbeitet digital<br \/><\/div><div class=\"o-row\">20 Portraits 13x18 in Box<br \/><\/div><div class=\"o-row\">50 Dankeskarten<\/div>\r\n        <\/div>\r\n        <a href=\"mailto:kontakt@mdot.at\" class=\"button-style1\">Fragen?<\/a>\r\n    <\/div><\/div>[vc_column_text]<\/p>\n<p style=\"text-align: center;\">Alle Preise verstehen sich brutto inkl. 20% Mwst. und beinhalten alle Vorbereitungen, das Fotografieren, Equipment &amp; Studiokosten sowie die Bearbeitung.<\/p>\n<p>[\/vc_column_text][\/vc_column][\/vc_row][vc_row][vc_column][vc_progress_bar values=&#8221;%5B%7B%22label%22%3A%22%C3%9Cber%2013%20Jahre%22%2C%22value%22%3A%22220%22%2C%22color%22%3A%22bar_turquoise%22%7D%2C%7B%22label%22%3A%22%C3%9Cber%20750%20Fotoshootings%22%2C%22value%22%3A%22750%22%2C%22color%22%3A%22bar_orange%22%7D%2C%7B%22label%22%3A%22%C3%9Cber%20250%20Hochzeiten%22%2C%22value%22%3A%22320%22%2C%22color%22%3A%22pink%22%7D%5D&#8221; bgcolor=&#8221;grey&#8221; title=&#8221;Unsere Erfahrung?&#8221;][\/vc_column][\/vc_row]<\/p>\n","protected":false},"excerpt":{"rendered":"<p>[vc_row full_width=&#8221;stretch_row_content_no_spaces&#8221;][vc_column][vc_custom_heading text=&#8221;mehr von uns:&#8221; font_container=&#8221;tag:h3|text_align:center&#8221; use_theme_fonts=&#8221;yes&#8221; decor_line=&#8221;on&#8221;][\/vc_column][\/vc_row][vc_row equal_height=&#8221;yes&#8221; content_placement=&#8221;middle&#8221;][vc_column css_animation=&#8221;fadeInUp&#8221; width=&#8221;1\/4&#8243;][vc_single_image image=&#8221;2291&#8243; img_size=&#8221;full&#8221; alignment=&#8221;center&#8221; onclick=&#8221;custom_link&#8221; link=&#8221;https:\/\/mdot.at\/studio\/hochzeit\/&#8221;][\/vc_column][vc_column css_animation=&#8221;fadeInLeft&#8221; width=&#8221;1\/4&#8243;][vc_single_image image=&#8221;2289&#8243; img_size=&#8221;full&#8221; alignment=&#8221;center&#8221; onclick=&#8221;custom_link&#8221; link=&#8221;https:\/\/mdot.at\/studio\/businessfotografie\/&#8221;][\/vc_column][vc_column css_animation=&#8221;fadeInRight&#8221; width=&#8221;1\/4&#8243;][vc_single_image image=&#8221;2292&#8243; img_size=&#8221;full&#8221; alignment=&#8221;center&#8221; onclick=&#8221;custom_link&#8221; link=&#8221;https:\/\/mdot.at\/studio\/selfiestudio\/&#8221;][\/vc_column][vc_column css_animation=&#8221;fadeInUp&#8221; width=&#8221;1\/4&#8243;][vc_single_image image=&#8221;2290&#8243; img_size=&#8221;full&#8221; alignment=&#8221;center&#8221; onclick=&#8221;custom_link&#8221; link=&#8221;https:\/\/mdot.at\/studio\/fotobox\/&#8221;][\/vc_column][\/vc_row][vc_row full_width=&#8221;stretch_row_content_no_spaces&#8221;][vc_column css_animation=&#8221;fadeIn&#8221;][\/vc_column][\/vc_row][vc_row][vc_column css_animation=&#8221;fadeInUp&#8221; css=&#8221;.vc_custom_1506084208527{margin-bottom: 55px !important;padding-top: 40px !important;}&#8221;][vc_custom_heading text=&#8221;\u00dcber das Leben, sich trauen &amp; Geld&#8221; font_container=&#8221;tag:h3|text_align:center&#8221; use_theme_fonts=&#8221;yes&#8221; [&hellip;]<\/p>\n","protected":false},"author":2,"featured_media":0,"parent":0,"menu_order":0,"comment_status":"closed","ping_status":"closed","template":"template-landing.php","meta":{"_acf_changed":false,"footnotes":"","_links_to":"","_links_to_target":""},"class_list":["post-777","page","type-page","status-publish","hentry"],"acf":[],"_links":{"self":[{"href":"https:\/\/mediadot.at\/studio\/wp-json\/wp\/v2\/pages\/777","targetHints":{"allow":["GET"]}}],"collection":[{"href":"https:\/\/mediadot.at\/studio\/wp-json\/wp\/v2\/pages"}],"about":[{"href":"https:\/\/mediadot.at\/studio\/wp-json\/wp\/v2\/types\/page"}],"author":[{"embeddable":true,"href":"https:\/\/mediadot.at\/studio\/wp-json\/wp\/v2\/users\/2"}],"replies":[{"embeddable":true,"href":"https:\/\/mediadot.at\/studio\/wp-json\/wp\/v2\/comments?post=777"}],"version-history":[{"count":61,"href":"https:\/\/mediadot.at\/studio\/wp-json\/wp\/v2\/pages\/777\/revisions"}],"predecessor-version":[{"id":3526,"href":"https:\/\/mediadot.at\/studio\/wp-json\/wp\/v2\/pages\/777\/revisions\/3526"}],"wp:attachment":[{"href":"https:\/\/mediadot.at\/studio\/wp-json\/wp\/v2\/media?parent=777"}],"curies":[{"name":"wp","href":"https:\/\/api.w.org\/{rel}","templated":true}]}}